{"id":3436,"date":"2025-03-13T21:52:31","date_gmt":"2025-03-13T21:52:46","guid":{"rendered":"https:\/\/stcr.com\/?page_id=3436"},"modified":"2026-03-27T09:11:13","modified_gmt":"2026-03-27T13:11:13","slug":"technology-trade-shows","status":"publish","type":"page","link":"https:\/\/ravyx.com\/es\/resources\/technology-trade-shows\/","title":{"rendered":"Ferias de tecnolog\u00eda 2026"},"content":{"rendered":"<div class=\"wp-block-columns is-layout-flex wp-container-core-columns-is-layout-9d6595d7 wp-block-columns-is-layout-flex\">\n<div class=\"wp-block-column is-layout-flow wp-block-column-is-layout-flow\">\n<h2 class=\"wp-block-heading\">Where to Meet Ravyx Throughout 2026<\/h2>\n\n\n\n<p>Las ferias tecnol\u00f3gicas son el lugar donde se dan cita la innovaci\u00f3n y las conexiones, y nosotros estamos en el centro de todo ello. Descubra d\u00f3nde estar\u00e1 el equipo de Ravyx a lo largo del a\u00f1o, desde las principales exposiciones del sector hasta eventos regionales centrados en la tecnolog\u00eda para supermercados, tiendas minoristas, tiendas de conveniencia y puntos de venta.<br>Si va a asistir a alguna de estas ferias, programe una cita con nuestro equipo para hablar de estrategias, ver demostraciones o descubrir c\u00f3mo nuestras soluciones pueden simplificar sus operaciones.<\/p>\n<\/div>\n<\/div>\n\n\n\n<div class=\"wp-block-columns is-layout-flex wp-container-core-columns-is-layout-9d6595d7 wp-block-columns-is-layout-flex\">\n<div class=\"wp-block-column is-layout-flow wp-block-column-is-layout-flow\">\n<h2 class=\"wp-block-heading\">Eventos del primer trimestre<\/h2>\n\n\n\n<p><a href=\"https:\/\/nrfbigshow.nrf.com\/\" target=\"_blank\" rel=\"noreferrer noopener\">NRF<\/a>: 11-13 de enero<\/p>\n\n\n\n<p><a href=\"https:\/\/www.thengashow.com\/\" target=\"_blank\" rel=\"noreferrer noopener\">NGA<\/a>: 1-3 de febrero <strong>Vis\u00edtenos en el stand 710.<\/strong><\/p>\n\n\n\n<p>Key Food Show (FL): February 10-11 <strong>Booth with <a href=\"https:\/\/eaglebst.com\/\" type=\"link\" id=\"https:\/\/eaglebst.com\/\" target=\"_blank\" rel=\"noreferrer noopener\">Eagle Business Technology<\/a><\/strong><\/p>\n\n\n\n<p>Key Food Show (NY): February 25 <strong>Booth TBD<\/strong><\/p>\n\n\n\n<p><a href=\"https:\/\/www.agne.com\/\" target=\"_blank\" rel=\"noreferrer noopener\">Exposici\u00f3n AGNE<\/a>: 4 de marzo <strong>Booth TBD<\/strong><\/p>\n\n\n\n<p>Lumi\u00e8re sur l\u2019Avenir: March 23-24 <strong>Booth TBD<\/strong><\/p>\n\n\n\n<h2 class=\"wp-block-heading\">Eventos del segundo trimestre<\/h2>\n\n\n\n<p>ROFDA Spring Conference: May 11-15<\/p>\n\n\n\n<p><a href=\"https:\/\/www.sw-expo.com\/schedule\" target=\"_blank\" rel=\"noreferrer noopener\">Southwest Fuel and Convenience Expo<\/a>: June 6-8 <strong>See us at Booth 106<\/strong><\/p>\n\n\n\n<p>More Shows Coming Soon<\/p>\n\n\n\n<h2 class=\"wp-block-heading\">Eventos del tercer trimestre<\/h2>\n\n\n\n<p>INFRA: July 15<\/p>\n\n\n\n<p>More Shows Coming Soon<\/p>\n\n\n\n<h2 class=\"wp-block-heading\">Eventos del cuarto trimestre<\/h2>\n\n\n\n<p>Pr\u00f3ximamente<\/p>\n<\/div>\n\n\n\n<div class=\"wp-block-column is-layout-flow wp-block-column-is-layout-flow\">\n<h2 class=\"wp-block-heading\">Reserve una cita con nuestro equipo<\/h2>\n\n\n\n<p>\u00bfDesea una demostraci\u00f3n personalizada o una conversaci\u00f3n sobre estrategia en una de las ferias tecnol\u00f3gicas del a\u00f1o? Llene el siguiente formulario y le programaremos una cita con el miembro adecuado del equipo.<\/p>\n\n\n\n<iframe loading=\"lazy\" src=\"https:\/\/info.sirsolutions.com\/l\/797653\/2025-12-10\/63rjj\" width=\"100%\" height=\"500\" type=\"text\/html\" frameborder=\"0\" allowtransparency=\"true\" style=\"border: 0\"><\/iframe>\n<\/div>\n<\/div>\n\n\n\n<div class=\"wp-block-columns is-layout-flex wp-container-core-columns-is-layout-9d6595d7 wp-block-columns-is-layout-flex\">\n<div class=\"wp-block-column is-layout-flow wp-block-column-is-layout-flow\">\n<h2 class=\"wp-block-heading\">\u00bfPor qu\u00e9 reunirse con nosotros?<\/h2>\n\n\n\n<ul class=\"wp-block-list\">\n<li>Vea demostraciones en vivo de nuestra \u00faltima tecnolog\u00eda para tiendas de abarrotes y minoristas.<\/li>\n\n\n\n<li>Analizar retos operativos como la fijaci\u00f3n de precios, la modernizaci\u00f3n de los puntos de venta y la eficiencia de los SCO.<\/li>\n\n\n\n<li>Obtenga informaci\u00f3n pr\u00e1ctica de expertos en automatizaci\u00f3n de tiendas y experiencia del cliente.<\/li>\n\n\n\n<li>Descubra las novedades en el panorama tecnol\u00f3gico del comercio minorista.<\/li>\n\n\n\n<li>Establezca conexiones con socios, proveedores y l\u00edderes del sector.<\/li>\n<\/ul>\n<\/div>\n\n\n\n<div class=\"wp-block-column is-layout-flow wp-block-column-is-layout-flow\"><div class=\"wp-block-image\">\n<figure class=\"aligncenter size-large is-resized\"><img loading=\"lazy\" decoding=\"async\" width=\"1024\" height=\"768\" src=\"https:\/\/ravyx.com\/wp-content\/uploads\/2025\/12\/1761671350948-1024x768.jpg\" alt=\"Technology Trade Shows 2026\" class=\"wp-image-4121\" style=\"width:433px;height:auto\" srcset=\"https:\/\/ravyx.com\/wp-content\/uploads\/2025\/12\/1761671350948-1024x768.jpg 1024w, https:\/\/ravyx.com\/wp-content\/uploads\/2025\/12\/1761671350948-300x225.jpg 300w, https:\/\/ravyx.com\/wp-content\/uploads\/2025\/12\/1761671350948-768x576.jpg 768w, https:\/\/ravyx.com\/wp-content\/uploads\/2025\/12\/1761671350948-1536x1152.jpg 1536w, https:\/\/ravyx.com\/wp-content\/uploads\/2025\/12\/1761671350948-16x12.jpg 16w, https:\/\/ravyx.com\/wp-content\/uploads\/2025\/12\/1761671350948.jpg 1920w\" sizes=\"auto, (max-width: 1024px) 100vw, 1024px\" \/><\/figure>\n<\/div><\/div>\n<\/div>\n\n\n\n<div class=\"block-inline-cta wpx-custom-block\" id=\"acf-inline-cta9277\">\n\n\t<div class=\"inline-cta-inner\">\n\t\t\n\t\t<h3 class=\"inline-cta-title\">Tu destino para obtener informaci\u00f3n sobre ferias tecnol\u00f3gicas<\/h3>\t\t<p>Desde sistemas POS de \u00faltima generaci\u00f3n hasta avances en automatizaci\u00f3n, las ferias tecnol\u00f3gicas son el lugar donde cobra vida el futuro del comercio minorista. Ravyx participa cada trimestre en los eventos m\u00e1s importantes, probando soluciones, compartiendo conocimientos y aprendiendo lo que m\u00e1s importa a los minoristas. Descubra c\u00f3mo estas experiencias dan forma a nuestra perspectiva en las \u00faltimas publicaciones de nuestro blog.<\/p>\n\t\t\t\t\t<div class=\"button-group\">\n\t\t\t\t<a href=\"https:\/\/ravyx.com\/es\/resources\/blog\/\" target=\"_blank\" class=\"wpx-button\">Lee nuestro \u00faltimo blog<\/a>\n\t\t\t<\/div>\n\t\t\n\t<\/div>\n\n<\/div>","protected":false},"excerpt":{"rendered":"<p>Where to Meet Ravyx Throughout 2026 Technology trade shows are where innovation and connection collide, and we\u2019re right in the center of it. Explore where the Ravyx team will be throughout the year, from major industry expos to regional events focused on grocery, retail, convenience, and point-of-sale technology.If you\u2019re attending any of these shows, schedule [&hellip;]<\/p>\n","protected":false},"author":13,"featured_media":3437,"parent":592,"menu_order":2,"comment_status":"closed","ping_status":"closed","template":"","meta":{"_acf_changed":false,"footnotes":""},"class_list":["post-3436","page","type-page","status-publish","has-post-thumbnail","hentry"],"acf":[],"yoast_head":"<!-- This site is optimized with the Yoast SEO plugin v27.5 - https:\/\/yoast.com\/product\/yoast-seo-wordpress\/ -->\n<title>Technology Trade Shows 2026 | Ravyx<\/title>\n<meta name=\"description\" content=\"Find out where you can meet Ravyx at upcoming retail technology trade shows. See our solutions up close and in action throughout 2026.\" \/>\n<meta name=\"robots\" content=\"index, follow, max-snippet:-1, max-image-preview:large, max-video-preview:-1\" \/>\n<link rel=\"canonical\" href=\"https:\/\/ravyx.com\/es\/resources\/technology-trade-shows\/\" \/>\n<meta property=\"og:locale\" content=\"es_ES\" \/>\n<meta property=\"og:type\" content=\"article\" \/>\n<meta property=\"og:title\" content=\"Technology Trade Shows 2026 | Ravyx\" \/>\n<meta property=\"og:description\" content=\"Find out where you can meet Ravyx at upcoming retail technology trade shows. See our solutions up close and in action throughout 2026.\" \/>\n<meta property=\"og:url\" content=\"https:\/\/ravyx.com\/es\/resources\/technology-trade-shows\/\" \/>\n<meta property=\"og:site_name\" content=\"Ravyx\" \/>\n<meta property=\"article:publisher\" content=\"https:\/\/www.facebook.com\/stcrpos\" \/>\n<meta property=\"article:modified_time\" content=\"2026-03-27T13:11:13+00:00\" \/>\n<meta property=\"og:image\" content=\"https:\/\/ravyx.com\/wp-content\/uploads\/2025\/03\/trade-show-page.png\" \/>\n\t<meta property=\"og:image:width\" content=\"880\" \/>\n\t<meta property=\"og:image:height\" content=\"636\" \/>\n\t<meta property=\"og:image:type\" content=\"image\/png\" \/>\n<meta name=\"twitter:card\" content=\"summary_large_image\" \/>\n<meta name=\"twitter:site\" content=\"@stcrpos\" \/>\n<meta name=\"twitter:label1\" content=\"Est. reading time\" \/>\n\t<meta name=\"twitter:data1\" content=\"2 minutos\" \/>\n<script type=\"application\/ld+json\" class=\"yoast-schema-graph\">{\"@context\":\"https:\\\/\\\/schema.org\",\"@graph\":[{\"@type\":\"WebPage\",\"@id\":\"https:\\\/\\\/ravyx.com\\\/resources\\\/technology-trade-shows\\\/\",\"url\":\"https:\\\/\\\/ravyx.com\\\/resources\\\/technology-trade-shows\\\/\",\"name\":\"Technology Trade Shows 2026 | Ravyx\",\"isPartOf\":{\"@id\":\"https:\\\/\\\/ravyx.com\\\/#website\"},\"primaryImageOfPage\":{\"@id\":\"https:\\\/\\\/ravyx.com\\\/resources\\\/technology-trade-shows\\\/#primaryimage\"},\"image\":{\"@id\":\"https:\\\/\\\/ravyx.com\\\/resources\\\/technology-trade-shows\\\/#primaryimage\"},\"thumbnailUrl\":\"https:\\\/\\\/ravyx.com\\\/wp-content\\\/uploads\\\/2025\\\/03\\\/trade-show-page.png\",\"datePublished\":\"2025-03-13T21:52:46+00:00\",\"dateModified\":\"2026-03-27T13:11:13+00:00\",\"description\":\"Find out where you can meet Ravyx at upcoming retail technology trade shows. See our solutions up close and in action throughout 2026.\",\"breadcrumb\":{\"@id\":\"https:\\\/\\\/ravyx.com\\\/resources\\\/technology-trade-shows\\\/#breadcrumb\"},\"inLanguage\":\"es-DO\",\"potentialAction\":[{\"@type\":\"ReadAction\",\"target\":[\"https:\\\/\\\/ravyx.com\\\/resources\\\/technology-trade-shows\\\/\"]}]},{\"@type\":\"ImageObject\",\"inLanguage\":\"es-DO\",\"@id\":\"https:\\\/\\\/ravyx.com\\\/resources\\\/technology-trade-shows\\\/#primaryimage\",\"url\":\"https:\\\/\\\/ravyx.com\\\/wp-content\\\/uploads\\\/2025\\\/03\\\/trade-show-page.png\",\"contentUrl\":\"https:\\\/\\\/ravyx.com\\\/wp-content\\\/uploads\\\/2025\\\/03\\\/trade-show-page.png\",\"width\":880,\"height\":636,\"caption\":\"technology trade show\"},{\"@type\":\"BreadcrumbList\",\"@id\":\"https:\\\/\\\/ravyx.com\\\/resources\\\/technology-trade-shows\\\/#breadcrumb\",\"itemListElement\":[{\"@type\":\"ListItem\",\"position\":1,\"name\":\"Home\",\"item\":\"https:\\\/\\\/ravyx.com\\\/\"},{\"@type\":\"ListItem\",\"position\":2,\"name\":\"Resources\",\"item\":\"https:\\\/\\\/ravyx.com\\\/resources\\\/\"},{\"@type\":\"ListItem\",\"position\":3,\"name\":\"Technology Trade Shows 2026\"}]},{\"@type\":\"WebSite\",\"@id\":\"https:\\\/\\\/ravyx.com\\\/#website\",\"url\":\"https:\\\/\\\/ravyx.com\\\/\",\"name\":\"Ravyx\",\"description\":\"Proven Grocery Technologies\",\"publisher\":{\"@id\":\"https:\\\/\\\/ravyx.com\\\/#organization\"},\"potentialAction\":[{\"@type\":\"SearchAction\",\"target\":{\"@type\":\"EntryPoint\",\"urlTemplate\":\"https:\\\/\\\/ravyx.com\\\/?s={search_term_string}\"},\"query-input\":{\"@type\":\"PropertyValueSpecification\",\"valueRequired\":true,\"valueName\":\"search_term_string\"}}],\"inLanguage\":\"es-DO\"},{\"@type\":\"Organization\",\"@id\":\"https:\\\/\\\/ravyx.com\\\/#organization\",\"name\":\"Ravyx\",\"url\":\"https:\\\/\\\/ravyx.com\\\/\",\"logo\":{\"@type\":\"ImageObject\",\"inLanguage\":\"es-DO\",\"@id\":\"https:\\\/\\\/ravyx.com\\\/#\\\/schema\\\/logo\\\/image\\\/\",\"url\":\"https:\\\/\\\/ravyx.com\\\/wp-content\\\/uploads\\\/2023\\\/09\\\/generic-brand-1.jpg\",\"contentUrl\":\"https:\\\/\\\/ravyx.com\\\/wp-content\\\/uploads\\\/2023\\\/09\\\/generic-brand-1.jpg\",\"width\":1200,\"height\":1200,\"caption\":\"Ravyx\"},\"image\":{\"@id\":\"https:\\\/\\\/ravyx.com\\\/#\\\/schema\\\/logo\\\/image\\\/\"},\"sameAs\":[\"https:\\\/\\\/www.facebook.com\\\/stcrpos\",\"https:\\\/\\\/x.com\\\/stcrpos\",\"https:\\\/\\\/www.linkedin.com\\\/company\\\/stcr\\\/\",\"https:\\\/\\\/www.youtube.com\\\/channel\\\/UCSWcsJARYjaQnz0T5o4p9DQ\"]}]}<\/script>\n<!-- \/ Yoast SEO plugin. -->","yoast_head_json":{"title":"Technology Trade Shows 2026 | Ravyx","description":"Find out where you can meet Ravyx at upcoming retail technology trade shows. See our solutions up close and in action throughout 2026.","robots":{"index":"index","follow":"follow","max-snippet":"max-snippet:-1","max-image-preview":"max-image-preview:large","max-video-preview":"max-video-preview:-1"},"canonical":"https:\/\/ravyx.com\/es\/resources\/technology-trade-shows\/","og_locale":"es_ES","og_type":"article","og_title":"Technology Trade Shows 2026 | Ravyx","og_description":"Find out where you can meet Ravyx at upcoming retail technology trade shows. See our solutions up close and in action throughout 2026.","og_url":"https:\/\/ravyx.com\/es\/resources\/technology-trade-shows\/","og_site_name":"Ravyx","article_publisher":"https:\/\/www.facebook.com\/stcrpos","article_modified_time":"2026-03-27T13:11:13+00:00","og_image":[{"width":880,"height":636,"url":"https:\/\/ravyx.com\/wp-content\/uploads\/2025\/03\/trade-show-page.png","type":"image\/png"}],"twitter_card":"summary_large_image","twitter_site":"@stcrpos","twitter_misc":{"Est. reading time":"2 minutos"},"schema":{"@context":"https:\/\/schema.org","@graph":[{"@type":"WebPage","@id":"https:\/\/ravyx.com\/resources\/technology-trade-shows\/","url":"https:\/\/ravyx.com\/resources\/technology-trade-shows\/","name":"Technology Trade Shows 2026 | Ravyx","isPartOf":{"@id":"https:\/\/ravyx.com\/#website"},"primaryImageOfPage":{"@id":"https:\/\/ravyx.com\/resources\/technology-trade-shows\/#primaryimage"},"image":{"@id":"https:\/\/ravyx.com\/resources\/technology-trade-shows\/#primaryimage"},"thumbnailUrl":"https:\/\/ravyx.com\/wp-content\/uploads\/2025\/03\/trade-show-page.png","datePublished":"2025-03-13T21:52:46+00:00","dateModified":"2026-03-27T13:11:13+00:00","description":"Find out where you can meet Ravyx at upcoming retail technology trade shows. See our solutions up close and in action throughout 2026.","breadcrumb":{"@id":"https:\/\/ravyx.com\/resources\/technology-trade-shows\/#breadcrumb"},"inLanguage":"es-DO","potentialAction":[{"@type":"ReadAction","target":["https:\/\/ravyx.com\/resources\/technology-trade-shows\/"]}]},{"@type":"ImageObject","inLanguage":"es-DO","@id":"https:\/\/ravyx.com\/resources\/technology-trade-shows\/#primaryimage","url":"https:\/\/ravyx.com\/wp-content\/uploads\/2025\/03\/trade-show-page.png","contentUrl":"https:\/\/ravyx.com\/wp-content\/uploads\/2025\/03\/trade-show-page.png","width":880,"height":636,"caption":"technology trade show"},{"@type":"BreadcrumbList","@id":"https:\/\/ravyx.com\/resources\/technology-trade-shows\/#breadcrumb","itemListElement":[{"@type":"ListItem","position":1,"name":"Home","item":"https:\/\/ravyx.com\/"},{"@type":"ListItem","position":2,"name":"Resources","item":"https:\/\/ravyx.com\/resources\/"},{"@type":"ListItem","position":3,"name":"Technology Trade Shows 2026"}]},{"@type":"WebSite","@id":"https:\/\/ravyx.com\/#website","url":"https:\/\/ravyx.com\/","name":"Ravyx","description":"Proven Grocery Technologies","publisher":{"@id":"https:\/\/ravyx.com\/#organization"},"potentialAction":[{"@type":"SearchAction","target":{"@type":"EntryPoint","urlTemplate":"https:\/\/ravyx.com\/?s={search_term_string}"},"query-input":{"@type":"PropertyValueSpecification","valueRequired":true,"valueName":"search_term_string"}}],"inLanguage":"es-DO"},{"@type":"Organization","@id":"https:\/\/ravyx.com\/#organization","name":"Ravyx","url":"https:\/\/ravyx.com\/","logo":{"@type":"ImageObject","inLanguage":"es-DO","@id":"https:\/\/ravyx.com\/#\/schema\/logo\/image\/","url":"https:\/\/ravyx.com\/wp-content\/uploads\/2023\/09\/generic-brand-1.jpg","contentUrl":"https:\/\/ravyx.com\/wp-content\/uploads\/2023\/09\/generic-brand-1.jpg","width":1200,"height":1200,"caption":"Ravyx"},"image":{"@id":"https:\/\/ravyx.com\/#\/schema\/logo\/image\/"},"sameAs":["https:\/\/www.facebook.com\/stcrpos","https:\/\/x.com\/stcrpos","https:\/\/www.linkedin.com\/company\/stcr\/","https:\/\/www.youtube.com\/channel\/UCSWcsJARYjaQnz0T5o4p9DQ"]}]}},"_links":{"self":[{"href":"https:\/\/ravyx.com\/es\/wp-json\/wp\/v2\/pages\/3436","targetHints":{"allow":["GET"]}}],"collection":[{"href":"https:\/\/ravyx.com\/es\/wp-json\/wp\/v2\/pages"}],"about":[{"href":"https:\/\/ravyx.com\/es\/wp-json\/wp\/v2\/types\/page"}],"author":[{"embeddable":true,"href":"https:\/\/ravyx.com\/es\/wp-json\/wp\/v2\/users\/13"}],"replies":[{"embeddable":true,"href":"https:\/\/ravyx.com\/es\/wp-json\/wp\/v2\/comments?post=3436"}],"version-history":[{"count":0,"href":"https:\/\/ravyx.com\/es\/wp-json\/wp\/v2\/pages\/3436\/revisions"}],"up":[{"embeddable":true,"href":"https:\/\/ravyx.com\/es\/wp-json\/wp\/v2\/pages\/592"}],"wp:featuredmedia":[{"embeddable":true,"href":"https:\/\/ravyx.com\/es\/wp-json\/wp\/v2\/media\/3437"}],"wp:attachment":[{"href":"https:\/\/ravyx.com\/es\/wp-json\/wp\/v2\/media?parent=3436"}],"curies":[{"name":"wp","href":"https:\/\/api.w.org\/{rel}","templated":true}]}}