{"id":2846,"date":"2024-04-15T14:09:11","date_gmt":"2024-04-15T14:09:11","guid":{"rendered":"https:\/\/stcr.com\/?page_id=2846"},"modified":"2026-05-12T16:27:15","modified_gmt":"2026-05-12T20:27:15","slug":"2026-technology-webinars","status":"publish","type":"page","link":"https:\/\/ravyx.com\/es\/resources\/2026-technology-webinars\/","title":{"rendered":"Seminarios web 2026"},"content":{"rendered":"<div class=\"wp-block-columns is-layout-flex wp-container-core-columns-is-layout-9d6595d7 wp-block-columns-is-layout-flex\">\n<div class=\"wp-block-column is-layout-flow wp-block-column-is-layout-flow\">\n<h2 class=\"wp-block-heading\">\u00bfPor qu\u00e9 participar en la serie de seminarios web de Ravyx?<\/h2>\n\n\n\n<p>Mant\u00e9ngase a la vanguardia en el cambiante mundo de la tecnolog\u00eda para el sector de la alimentaci\u00f3n con la serie de seminarios web sobre tecnolog\u00eda 2026 de Ravyx. Nuestras sesiones est\u00e1n dise\u00f1adas para ofrecer a los comerciantes, l\u00edderes del sector minorista y profesionales de la tecnolog\u00eda informaci\u00f3n \u00fatil, estrategias pr\u00e1cticas y un avance de las \u00faltimas innovaciones que est\u00e1n definiendo el sector.<\/p>\n\n\n\n<p>Al participar, recibir\u00e1s asesoramiento de expertos sobre las \u00faltimas tendencias tecnol\u00f3gicas en el sector de la alimentaci\u00f3n, aprender\u00e1s a optimizar las operaciones de tu tienda con las herramientas m\u00e1s recientes y conocer\u00e1s en primicia las soluciones dise\u00f1adas para impulsar la eficiencia y el crecimiento en 2026. Tanto si est\u00e1s explorando nuevas tecnolog\u00edas como si buscas perfeccionar tus estrategias actuales, estos seminarios web te proporcionar\u00e1n los conocimientos que necesitas para mantener tu competitividad.<\/p>\n\n\n\n<h2 class=\"wp-block-heading has-text-align-left\">Pr\u00f3ximos seminarios web<\/h2>\n\n\n\n<p class=\"has-text-align-left\">Nuestros seminarios web en directo se ofrecen en dos formatos din\u00e1micos.<\/p>\n<\/div>\n\n\n\n<div class=\"wp-block-column is-layout-flow wp-block-column-is-layout-flow\"><div class=\"wp-block-image\">\n<figure class=\"aligncenter size-large is-resized\"><img loading=\"lazy\" decoding=\"async\" width=\"1024\" height=\"1024\" src=\"https:\/\/ravyx.com\/wp-content\/uploads\/2025\/12\/2026-Technology-Webinar-Mockup-1024x1024.png\" alt=\"Ravyx\u2019s 2026 technology webinar\" class=\"wp-image-4134\" style=\"width:432px;height:auto\" srcset=\"https:\/\/ravyx.com\/wp-content\/uploads\/2025\/12\/2026-Technology-Webinar-Mockup-1024x1024.png 1024w, https:\/\/ravyx.com\/wp-content\/uploads\/2025\/12\/2026-Technology-Webinar-Mockup-300x300.png 300w, https:\/\/ravyx.com\/wp-content\/uploads\/2025\/12\/2026-Technology-Webinar-Mockup-150x150.png 150w, https:\/\/ravyx.com\/wp-content\/uploads\/2025\/12\/2026-Technology-Webinar-Mockup-768x768.png 768w, https:\/\/ravyx.com\/wp-content\/uploads\/2025\/12\/2026-Technology-Webinar-Mockup-12x12.png 12w, https:\/\/ravyx.com\/wp-content\/uploads\/2025\/12\/2026-Technology-Webinar-Mockup.png 1080w\" sizes=\"auto, (max-width: 1024px) 100vw, 1024px\" \/><\/figure>\n<\/div><\/div>\n<\/div>\n\n\n\n<div class=\"wp-block-columns is-layout-flex wp-container-core-columns-is-layout-9d6595d7 wp-block-columns-is-layout-flex\">\n<div class=\"wp-block-column is-layout-flow wp-block-column-is-layout-flow\">\n<h2 class=\"wp-block-heading\">Ciclo de almuerzos formativos 2026<\/h2>\n\n\n\n<h3 class=\"wp-block-heading\">Contenido instructivo y atractivo<\/h3>\n\n\n\n<ul class=\"wp-block-list\">\n<li><a href=\"https:\/\/www.youtube.com\/watch?v=kxm3iOFROM4\" type=\"link\" id=\"https:\/\/www.youtube.com\/watch?v=kxm3iOFROM4\" target=\"_blank\" rel=\"noreferrer noopener\">29 de enero a las 13:00 h EST | Mantenimiento del producto<\/a><\/li>\n\n\n\n<li><a href=\"https:\/\/youtu.be\/tbdyB0GtfSU\" type=\"link\" id=\"https:\/\/youtu.be\/tbdyB0GtfSU\" target=\"_blank\" rel=\"noreferrer noopener\">26 de febrero a las 13:00 h EST | Equilibrio<\/a><\/li>\n\n\n\n<li><a href=\"https:\/\/www.youtube.com\/watch?v=3JjKEFhxE_M\" target=\"_blank\" rel=\"noreferrer noopener\">26 de marzo a las 13:00 h EST | Publicidad<\/a><\/li>\n\n\n\n<li><a href=\"https:\/\/youtu.be\/grxqASooaSE\">30 de abril a las 13:00 h EST | Fidelidad<\/a><\/li>\n\n\n\n<li>28 de mayo a las 13:00 h EST | Operaciones de PDA<\/li>\n\n\n\n<li>25 de junio a las 13:00 h EST | Restricciones sobre los art\u00edculos<\/li>\n\n\n\n<li>30 de julio a las 13:00 h EST | Descuentos<\/li>\n\n\n\n<li>27 de agosto a las 13:00 h EST | Zero Movers<\/li>\n\n\n\n<li>24 de septiembre a las 13:00 h EST | Cupones<\/li>\n\n\n\n<li>22 de octubre a las 13:00 h EST | Agrupaci\u00f3n de art\u00edculos<\/li>\n<\/ul>\n\n\n\n<div class=\"wp-block-buttons is-content-justification-left is-layout-flex wp-container-core-buttons-is-layout-fdcfc74e wp-block-buttons-is-layout-flex\">\n<div class=\"wp-block-button\"><a class=\"wp-block-button__link wp-element-button\" href=\"https:\/\/events.zoom.us\/ev\/Ao8VPDjnPffcD8zP5O98ekP7jmVCclcise1GoqPTC7Lo7otfVPiG~AgPvJNYPB67LS-VKj7sCAyLpSO4cimqxc664scJg4WkynXHLX99cWicMmQ\" target=\"_blank\" rel=\"noreferrer noopener\">Register for the L&amp;L Webinar Series<\/a><\/div>\n<\/div>\n<\/div>\n\n\n\n<div class=\"wp-block-column is-layout-flow wp-block-column-is-layout-flow\">\n<h2 class=\"wp-block-heading\">La serie \u00abRavyx Rundown\u00bb<\/h2>\n\n\n\n<h3 class=\"wp-block-heading\">Soluciones nuevas e innovadoras<\/h3>\n\n\n\n<ul class=\"wp-block-list\">\n<li><a href=\"https:\/\/youtu.be\/Q4BpeS9LeEo\" type=\"link\" id=\"https:\/\/youtu.be\/Q4BpeS9LeEo\" target=\"_blank\" rel=\"noreferrer noopener\">May 12 at 1pm EST | ThriVersA Overview | FR<\/a><\/li>\n\n\n\n<li>May 19 at 1pm EST | ThriVersA System Insights | FR<\/li>\n\n\n\n<li>May 26 at 1pm EST | ThriVersA Features | FR<\/li>\n<\/ul>\n\n\n\n<div class=\"wp-block-buttons is-layout-flex wp-block-buttons-is-layout-flex\">\n<div class=\"wp-block-button\"><a class=\"wp-block-button__link wp-element-button\" href=\"https:\/\/us02web.zoom.us\/webinar\/register\/WN_5HaG9tG6Qjq3CBnFX7_jWA\" target=\"_blank\" rel=\"noreferrer noopener\">Register for the ThriVersA Rundown Series<\/a><\/div>\n<\/div>\n\n\n\n<ul class=\"wp-block-list\">\n<li>More Webinars Coming Soon<\/li>\n<\/ul>\n<\/div>\n<\/div>\n\n\n\n<h2 class=\"wp-block-heading has-text-align-center\">VEA LA MUESTRA DE INNOVACI\u00d3N EN EL SECTOR MINORISTA DE RAVYX<\/h2>\n\n\n\n<p class=\"has-text-align-center\">\u00a1\u00danete a los principales proveedores tecnol\u00f3gicos del sector de la distribuci\u00f3n alimentaria, que informar\u00e1n a los minoristas m\u00e1s innovadores de hoy en d\u00eda sobre las tecnolog\u00edas punteras que necesitas en tus operaciones para gestionar tu tienda de forma eficaz!<\/p>\n\n\n\n<div class=\"wp-block-columns is-layout-flex wp-container-core-columns-is-layout-9d6595d7 wp-block-columns-is-layout-flex\">\n<div class=\"wp-block-column is-layout-flow wp-block-column-is-layout-flow\">\n<figure class=\"wp-block-embed is-type-video is-provider-youtube wp-block-embed-youtube wp-embed-aspect-16-9 wp-has-aspect-ratio\"><div class=\"wp-block-embed__wrapper\">\n<iframe loading=\"lazy\" title=\"Ravyx Lunch &amp; Learn Webinars\" width=\"500\" height=\"281\" src=\"https:\/\/www.youtube.com\/embed\/videoseries?list=PLDNn2XgLU9PglXEeNOriVf6aqn6olUJ1y\" frameborder=\"0\" allow=\"accelerometer; autoplay; clipboard-write; encrypted-media; gyroscope; picture-in-picture; web-share\" referrerpolicy=\"strict-origin-when-cross-origin\" allowfullscreen><\/iframe>\n<\/div><\/figure>\n<\/div>\n\n\n\n<div class=\"wp-block-column is-layout-flow wp-block-column-is-layout-flow\">\n<figure class=\"wp-block-embed is-type-video is-provider-youtube wp-block-embed-youtube wp-embed-aspect-16-9 wp-has-aspect-ratio\"><div class=\"wp-block-embed__wrapper\">\n<iframe loading=\"lazy\" title=\"Pasta Palma - Testimonio de un cliente\" width=\"500\" height=\"281\" src=\"https:\/\/www.youtube.com\/embed\/I1IyKI7Kgr4?list=PLDNn2XgLU9PhcLj9mRniXpycn0dr4tunQ\" frameborder=\"0\" allow=\"accelerometer; autoplay; clipboard-write; encrypted-media; gyroscope; picture-in-picture; web-share\" referrerpolicy=\"strict-origin-when-cross-origin\" allowfullscreen><\/iframe>\n<\/div><\/figure>\n<\/div>\n<\/div>\n\n\n\n<div class=\"wp-block-columns is-layout-flex wp-container-core-columns-is-layout-9d6595d7 wp-block-columns-is-layout-flex\">\n<div class=\"wp-block-column is-layout-flow wp-block-column-is-layout-flow\">\n<figure class=\"wp-block-embed is-type-video is-provider-youtube wp-block-embed-youtube wp-embed-aspect-16-9 wp-has-aspect-ratio\"><div class=\"wp-block-embed__wrapper\">\n<iframe loading=\"lazy\" title=\"Etiquetas electr\u00f3nicas para estantes - Testimonio de un cliente - VusionGroup x Lee\u2019s Discount Liquor\" width=\"500\" height=\"281\" src=\"https:\/\/www.youtube.com\/embed\/zqiqGqjub2I?list=PLDNn2XgLU9PihScvSYptOAzBzWyZ1f-ui\" frameborder=\"0\" allow=\"accelerometer; autoplay; clipboard-write; encrypted-media; gyroscope; picture-in-picture; web-share\" referrerpolicy=\"strict-origin-when-cross-origin\" allowfullscreen><\/iframe>\n<\/div><\/figure>\n<\/div>\n\n\n\n<div class=\"wp-block-column is-layout-flow wp-block-column-is-layout-flow\">\n<figure class=\"wp-block-embed is-type-video is-provider-youtube wp-block-embed-youtube wp-embed-aspect-16-9 wp-has-aspect-ratio\"><div class=\"wp-block-embed__wrapper\">\n<iframe loading=\"lazy\" title=\"Control de inventario - en franc\u00e9s\" width=\"500\" height=\"281\" src=\"https:\/\/www.youtube.com\/embed\/zHiVquRBzSM?list=PLDNn2XgLU9Pi7x4Zv0kil1XgPCtPtc48L\" frameborder=\"0\" allow=\"accelerometer; autoplay; clipboard-write; encrypted-media; gyroscope; picture-in-picture; web-share\" referrerpolicy=\"strict-origin-when-cross-origin\" allowfullscreen><\/iframe>\n<\/div><\/figure>\n<\/div>\n<\/div>","protected":false},"excerpt":{"rendered":"<p>Why Join Ravyx Webinar Series? Stay ahead in the fast-changing world of grocery technology with Ravyx\u2019s 2026 technology webinar series. Our sessions are designed to give grocers, retail leaders, and technology professionals actionable insights, practical strategies, and a first look at the latest innovations shaping the industry. By joining, you\u2019ll gain expert guidance on emerging [&hellip;]<\/p>\n","protected":false},"author":2,"featured_media":0,"parent":592,"menu_order":7,"comment_status":"closed","ping_status":"closed","template":"","meta":{"_acf_changed":false,"footnotes":""},"class_list":["post-2846","page","type-page","status-publish","hentry"],"acf":[],"yoast_head":"<!-- This site is optimized with the Yoast SEO plugin v27.6 - https:\/\/yoast.com\/product\/yoast-seo-wordpress\/ -->\n<title>Free Online 2026 Technology Webinar | Ravyx<\/title>\n<meta name=\"description\" content=\"Stay informed by registering for our 2026 technology webinar, or watch recent and past webinar presentations from Ravyx. Stay informed\" \/>\n<meta name=\"robots\" content=\"index, follow, max-snippet:-1, max-image-preview:large, max-video-preview:-1\" \/>\n<link rel=\"canonical\" href=\"https:\/\/ravyx.com\/es\/resources\/2026-technology-webinars\/\" \/>\n<meta property=\"og:locale\" content=\"es_ES\" \/>\n<meta property=\"og:type\" content=\"article\" \/>\n<meta property=\"og:title\" content=\"Free Online 2026 Technology Webinar | Ravyx\" \/>\n<meta property=\"og:description\" content=\"Stay informed by registering for our 2026 technology webinar, or watch recent and past webinar presentations from Ravyx. Stay informed\" \/>\n<meta property=\"og:url\" content=\"https:\/\/ravyx.com\/es\/resources\/2026-technology-webinars\/\" \/>\n<meta property=\"og:site_name\" content=\"Ravyx\" \/>\n<meta property=\"article:publisher\" content=\"https:\/\/www.facebook.com\/stcrpos\" \/>\n<meta property=\"article:modified_time\" content=\"2026-05-12T20:27:15+00:00\" \/>\n<meta property=\"og:image\" content=\"https:\/\/ravyx.com\/wp-content\/uploads\/2025\/12\/2026-Technology-Webinar-Mockup.png\" \/>\n\t<meta property=\"og:image:width\" content=\"1080\" \/>\n\t<meta property=\"og:image:height\" content=\"1080\" \/>\n\t<meta property=\"og:image:type\" content=\"image\/png\" \/>\n<meta name=\"twitter:card\" content=\"summary_large_image\" \/>\n<meta name=\"twitter:site\" content=\"@stcrpos\" \/>\n<meta name=\"twitter:label1\" content=\"Est. reading time\" \/>\n\t<meta name=\"twitter:data1\" content=\"2 minutos\" \/>\n<script type=\"application\/ld+json\" class=\"yoast-schema-graph\">{\"@context\":\"https:\\\/\\\/schema.org\",\"@graph\":[{\"@type\":\"WebPage\",\"@id\":\"https:\\\/\\\/ravyx.com\\\/resources\\\/2026-technology-webinars\\\/\",\"url\":\"https:\\\/\\\/ravyx.com\\\/resources\\\/2026-technology-webinars\\\/\",\"name\":\"Free Online 2026 Technology Webinar | Ravyx\",\"isPartOf\":{\"@id\":\"https:\\\/\\\/ravyx.com\\\/#website\"},\"primaryImageOfPage\":{\"@id\":\"https:\\\/\\\/ravyx.com\\\/resources\\\/2026-technology-webinars\\\/#primaryimage\"},\"image\":{\"@id\":\"https:\\\/\\\/ravyx.com\\\/resources\\\/2026-technology-webinars\\\/#primaryimage\"},\"thumbnailUrl\":\"https:\\\/\\\/ravyx.com\\\/wp-content\\\/uploads\\\/2025\\\/12\\\/2026-Technology-Webinar-Mockup-1024x1024.png\",\"datePublished\":\"2024-04-15T14:09:11+00:00\",\"dateModified\":\"2026-05-12T20:27:15+00:00\",\"description\":\"Stay informed by registering for our 2026 technology webinar, or watch recent and past webinar presentations from Ravyx. Stay informed\",\"breadcrumb\":{\"@id\":\"https:\\\/\\\/ravyx.com\\\/resources\\\/2026-technology-webinars\\\/#breadcrumb\"},\"inLanguage\":\"es-DO\",\"potentialAction\":[{\"@type\":\"ReadAction\",\"target\":[\"https:\\\/\\\/ravyx.com\\\/resources\\\/2026-technology-webinars\\\/\"]}]},{\"@type\":\"ImageObject\",\"inLanguage\":\"es-DO\",\"@id\":\"https:\\\/\\\/ravyx.com\\\/resources\\\/2026-technology-webinars\\\/#primaryimage\",\"url\":\"https:\\\/\\\/ravyx.com\\\/wp-content\\\/uploads\\\/2025\\\/12\\\/2026-Technology-Webinar-Mockup-1024x1024.png\",\"contentUrl\":\"https:\\\/\\\/ravyx.com\\\/wp-content\\\/uploads\\\/2025\\\/12\\\/2026-Technology-Webinar-Mockup-1024x1024.png\"},{\"@type\":\"BreadcrumbList\",\"@id\":\"https:\\\/\\\/ravyx.com\\\/resources\\\/2026-technology-webinars\\\/#breadcrumb\",\"itemListElement\":[{\"@type\":\"ListItem\",\"position\":1,\"name\":\"Home\",\"item\":\"https:\\\/\\\/ravyx.com\\\/\"},{\"@type\":\"ListItem\",\"position\":2,\"name\":\"Resources\",\"item\":\"https:\\\/\\\/ravyx.com\\\/resources\\\/\"},{\"@type\":\"ListItem\",\"position\":3,\"name\":\"Webinars 2026\"}]},{\"@type\":\"WebSite\",\"@id\":\"https:\\\/\\\/ravyx.com\\\/#website\",\"url\":\"https:\\\/\\\/ravyx.com\\\/\",\"name\":\"Ravyx\",\"description\":\"Proven Grocery Technologies\",\"publisher\":{\"@id\":\"https:\\\/\\\/ravyx.com\\\/#organization\"},\"potentialAction\":[{\"@type\":\"SearchAction\",\"target\":{\"@type\":\"EntryPoint\",\"urlTemplate\":\"https:\\\/\\\/ravyx.com\\\/?s={search_term_string}\"},\"query-input\":{\"@type\":\"PropertyValueSpecification\",\"valueRequired\":true,\"valueName\":\"search_term_string\"}}],\"inLanguage\":\"es-DO\"},{\"@type\":\"Organization\",\"@id\":\"https:\\\/\\\/ravyx.com\\\/#organization\",\"name\":\"Ravyx\",\"url\":\"https:\\\/\\\/ravyx.com\\\/\",\"logo\":{\"@type\":\"ImageObject\",\"inLanguage\":\"es-DO\",\"@id\":\"https:\\\/\\\/ravyx.com\\\/#\\\/schema\\\/logo\\\/image\\\/\",\"url\":\"https:\\\/\\\/ravyx.com\\\/wp-content\\\/uploads\\\/2023\\\/09\\\/generic-brand-1.jpg\",\"contentUrl\":\"https:\\\/\\\/ravyx.com\\\/wp-content\\\/uploads\\\/2023\\\/09\\\/generic-brand-1.jpg\",\"width\":1200,\"height\":1200,\"caption\":\"Ravyx\"},\"image\":{\"@id\":\"https:\\\/\\\/ravyx.com\\\/#\\\/schema\\\/logo\\\/image\\\/\"},\"sameAs\":[\"https:\\\/\\\/www.facebook.com\\\/stcrpos\",\"https:\\\/\\\/x.com\\\/stcrpos\",\"https:\\\/\\\/www.linkedin.com\\\/company\\\/stcr\\\/\",\"https:\\\/\\\/www.youtube.com\\\/channel\\\/UCSWcsJARYjaQnz0T5o4p9DQ\"]}]}<\/script>\n<!-- \/ Yoast SEO plugin. -->","yoast_head_json":{"title":"Free Online 2026 Technology Webinar | Ravyx","description":"Stay informed by registering for our 2026 technology webinar, or watch recent and past webinar presentations from Ravyx. Stay informed","robots":{"index":"index","follow":"follow","max-snippet":"max-snippet:-1","max-image-preview":"max-image-preview:large","max-video-preview":"max-video-preview:-1"},"canonical":"https:\/\/ravyx.com\/es\/resources\/2026-technology-webinars\/","og_locale":"es_ES","og_type":"article","og_title":"Free Online 2026 Technology Webinar | Ravyx","og_description":"Stay informed by registering for our 2026 technology webinar, or watch recent and past webinar presentations from Ravyx. Stay informed","og_url":"https:\/\/ravyx.com\/es\/resources\/2026-technology-webinars\/","og_site_name":"Ravyx","article_publisher":"https:\/\/www.facebook.com\/stcrpos","article_modified_time":"2026-05-12T20:27:15+00:00","og_image":[{"width":1080,"height":1080,"url":"https:\/\/ravyx.com\/wp-content\/uploads\/2025\/12\/2026-Technology-Webinar-Mockup.png","type":"image\/png"}],"twitter_card":"summary_large_image","twitter_site":"@stcrpos","twitter_misc":{"Est. reading time":"2 minutos"},"schema":{"@context":"https:\/\/schema.org","@graph":[{"@type":"WebPage","@id":"https:\/\/ravyx.com\/resources\/2026-technology-webinars\/","url":"https:\/\/ravyx.com\/resources\/2026-technology-webinars\/","name":"Free Online 2026 Technology Webinar | Ravyx","isPartOf":{"@id":"https:\/\/ravyx.com\/#website"},"primaryImageOfPage":{"@id":"https:\/\/ravyx.com\/resources\/2026-technology-webinars\/#primaryimage"},"image":{"@id":"https:\/\/ravyx.com\/resources\/2026-technology-webinars\/#primaryimage"},"thumbnailUrl":"https:\/\/ravyx.com\/wp-content\/uploads\/2025\/12\/2026-Technology-Webinar-Mockup-1024x1024.png","datePublished":"2024-04-15T14:09:11+00:00","dateModified":"2026-05-12T20:27:15+00:00","description":"Stay informed by registering for our 2026 technology webinar, or watch recent and past webinar presentations from Ravyx. Stay informed","breadcrumb":{"@id":"https:\/\/ravyx.com\/resources\/2026-technology-webinars\/#breadcrumb"},"inLanguage":"es-DO","potentialAction":[{"@type":"ReadAction","target":["https:\/\/ravyx.com\/resources\/2026-technology-webinars\/"]}]},{"@type":"ImageObject","inLanguage":"es-DO","@id":"https:\/\/ravyx.com\/resources\/2026-technology-webinars\/#primaryimage","url":"https:\/\/ravyx.com\/wp-content\/uploads\/2025\/12\/2026-Technology-Webinar-Mockup-1024x1024.png","contentUrl":"https:\/\/ravyx.com\/wp-content\/uploads\/2025\/12\/2026-Technology-Webinar-Mockup-1024x1024.png"},{"@type":"BreadcrumbList","@id":"https:\/\/ravyx.com\/resources\/2026-technology-webinars\/#breadcrumb","itemListElement":[{"@type":"ListItem","position":1,"name":"Home","item":"https:\/\/ravyx.com\/"},{"@type":"ListItem","position":2,"name":"Resources","item":"https:\/\/ravyx.com\/resources\/"},{"@type":"ListItem","position":3,"name":"Webinars 2026"}]},{"@type":"WebSite","@id":"https:\/\/ravyx.com\/#website","url":"https:\/\/ravyx.com\/","name":"Ravyx","description":"Proven Grocery Technologies","publisher":{"@id":"https:\/\/ravyx.com\/#organization"},"potentialAction":[{"@type":"SearchAction","target":{"@type":"EntryPoint","urlTemplate":"https:\/\/ravyx.com\/?s={search_term_string}"},"query-input":{"@type":"PropertyValueSpecification","valueRequired":true,"valueName":"search_term_string"}}],"inLanguage":"es-DO"},{"@type":"Organization","@id":"https:\/\/ravyx.com\/#organization","name":"Ravyx","url":"https:\/\/ravyx.com\/","logo":{"@type":"ImageObject","inLanguage":"es-DO","@id":"https:\/\/ravyx.com\/#\/schema\/logo\/image\/","url":"https:\/\/ravyx.com\/wp-content\/uploads\/2023\/09\/generic-brand-1.jpg","contentUrl":"https:\/\/ravyx.com\/wp-content\/uploads\/2023\/09\/generic-brand-1.jpg","width":1200,"height":1200,"caption":"Ravyx"},"image":{"@id":"https:\/\/ravyx.com\/#\/schema\/logo\/image\/"},"sameAs":["https:\/\/www.facebook.com\/stcrpos","https:\/\/x.com\/stcrpos","https:\/\/www.linkedin.com\/company\/stcr\/","https:\/\/www.youtube.com\/channel\/UCSWcsJARYjaQnz0T5o4p9DQ"]}]}},"_links":{"self":[{"href":"https:\/\/ravyx.com\/es\/wp-json\/wp\/v2\/pages\/2846","targetHints":{"allow":["GET"]}}],"collection":[{"href":"https:\/\/ravyx.com\/es\/wp-json\/wp\/v2\/pages"}],"about":[{"href":"https:\/\/ravyx.com\/es\/wp-json\/wp\/v2\/types\/page"}],"author":[{"embeddable":true,"href":"https:\/\/ravyx.com\/es\/wp-json\/wp\/v2\/users\/2"}],"replies":[{"embeddable":true,"href":"https:\/\/ravyx.com\/es\/wp-json\/wp\/v2\/comments?post=2846"}],"version-history":[{"count":0,"href":"https:\/\/ravyx.com\/es\/wp-json\/wp\/v2\/pages\/2846\/revisions"}],"up":[{"embeddable":true,"href":"https:\/\/ravyx.com\/es\/wp-json\/wp\/v2\/pages\/592"}],"wp:attachment":[{"href":"https:\/\/ravyx.com\/es\/wp-json\/wp\/v2\/media?parent=2846"}],"curies":[{"name":"wp","href":"https:\/\/api.w.org\/{rel}","templated":true}]}}