{"id":1073,"date":"2023-10-12T16:38:08","date_gmt":"2023-10-12T16:38:03","guid":{"rendered":"https:\/\/stcr.dev.dquinn.net\/?page_id=1073"},"modified":"2025-07-21T14:43:42","modified_gmt":"2025-07-21T18:43:42","slug":"electronic-shelf-labels","status":"publish","type":"page","link":"https:\/\/ravyx.com\/es\/solutions\/select-products\/electronic-shelf-labels\/","title":{"rendered":"Etiquetas electr\u00f3nicas para estantes"},"content":{"rendered":"<div class=\"wp-block-columns is-layout-flex wp-container-core-columns-is-layout-9d6595d7 wp-block-columns-is-layout-flex\">\n<div class=\"wp-block-column is-layout-flow wp-block-column-is-layout-flow\"><\/div>\n\n\n\n<div class=\"wp-block-column is-layout-flow wp-block-column-is-layout-flow\" style=\"flex-basis:80%\">\n<p class=\"has-text-align-center has-huge-font-size\">En el competitivo sector de la alimentaci\u00f3n actual, es fundamental encontrar formas de aumentar los m\u00e1rgenes de beneficio. Las etiquetas electr\u00f3nicas para estantes (ESL) ofrecen a los minoristas una oportunidad poderosa, aunque infrautilizada, de obtener una ventaja tecnol\u00f3gica, por no hablar del ahorro de tiempo que supone no tener que cambiar los precios manualmente y de la p\u00e9rdida que se produce cuando los precios son incorrectos.<\/p>\n<\/div>\n\n\n\n<div class=\"wp-block-column is-layout-flow wp-block-column-is-layout-flow\"><\/div>\n<\/div>\n\n\n\n<div class=\"wp-block-columns is-layout-flex wp-container-core-columns-is-layout-9d6595d7 wp-block-columns-is-layout-flex\">\n<div class=\"wp-block-column order-2 is-layout-flow wp-block-column-is-layout-flow\">\n<h2 class=\"wp-block-heading\">Caracter\u00edsticas de las etiquetas electr\u00f3nicas para estantes:<\/h2>\n\n\n\n<ul class=\"wp-block-list stylized-list\">\n<li class=\"stylized-list\">Geolocalizaci\u00f3n de productos y gesti\u00f3n de planogramas en tiempo real<\/li>\n\n\n\n<li>Optimizaci\u00f3n del picking y la reposici\u00f3n<\/li>\n\n\n\n<li>Monitoreo automatizado de estantes y detecci\u00f3n de falta de existencias<\/li>\n\n\n\n<li>Conectividad de los compradores y servicios digitales en la tienda<\/li>\n\n\n\n<li>Publicidad y promoci\u00f3n digital<\/li>\n\n\n\n<li>Acceso a datos ambientales, como alertas de temperatura en unidades de refrigeraci\u00f3n.<\/li>\n\n\n\n<li>Sincronizaci\u00f3n de canales con tiendas en l\u00ednea, aplicaciones y m\u00faltiples ubicaciones.<\/li>\n<\/ul>\n<\/div>\n\n\n\n<div class=\"wp-block-column order-1 is-layout-flow wp-block-column-is-layout-flow\">\n<figure class=\"wp-block-image size-full\"><img loading=\"lazy\" decoding=\"async\" width=\"600\" height=\"400\" src=\"https:\/\/ravyx.com\/wp-content\/uploads\/2025\/07\/Website-Images-1.jpg\" alt=\"Electronic Shelf Labels Fruit\" class=\"wp-image-3861\" srcset=\"https:\/\/ravyx.com\/wp-content\/uploads\/2025\/07\/Website-Images-1.jpg 600w, https:\/\/ravyx.com\/wp-content\/uploads\/2025\/07\/Website-Images-1-300x200.jpg 300w, https:\/\/ravyx.com\/wp-content\/uploads\/2025\/07\/Website-Images-1-18x12.jpg 18w\" sizes=\"auto, (max-width: 600px) 100vw, 600px\" \/><\/figure>\n<\/div>\n<\/div>\n\n\n\n<h2 class=\"wp-block-heading has-text-align-center\">Ventajas de las etiquetas electr\u00f3nicas para estantes en su tienda<\/h2>\n\n\n\n<div class=\"wp-block-columns is-layout-flex wp-container-core-columns-is-layout-9d6595d7 wp-block-columns-is-layout-flex\">\n<div class=\"wp-block-column is-layout-flow wp-block-column-is-layout-flow\"><div class=\"wp-block-image\">\n<figure class=\"aligncenter size-full is-resized\"><img loading=\"lazy\" decoding=\"async\" width=\"94\" height=\"98\" src=\"https:\/\/ravyx.com\/wp-content\/uploads\/2025\/05\/improved-productivity.svg\" alt=\"\" class=\"wp-image-3549\" style=\"width:100px\"\/><\/figure>\n<\/div>\n\n\n<h3 class=\"wp-block-heading has-text-align-center\">Mayor productividad<\/h3>\n\n\n\n<p class=\"has-text-align-center\">Los cambios manuales de precios pueden suponer una gran p\u00e9rdida de tiempo. Los ESL te permiten mejorar la distribuci\u00f3n de tu personal y utilizar a tus empleados en otras tareas, como atender a los clientes.<\/p>\n<\/div>\n\n\n\n<div class=\"wp-block-column is-layout-flow wp-block-column-is-layout-flow\"><div class=\"wp-block-image\">\n<figure class=\"aligncenter size-full is-resized\"><img loading=\"lazy\" decoding=\"async\" width=\"94\" height=\"98\" src=\"https:\/\/ravyx.com\/wp-content\/uploads\/2025\/05\/price-optimization-agility.svg\" alt=\"\" class=\"wp-image-3550\" style=\"width:100px\"\/><\/figure>\n<\/div>\n\n\n<h3 class=\"wp-block-heading has-text-align-center\">Optimizaci\u00f3n de precios<\/h3>\n\n\n\n<p class=\"has-text-align-center\">Los cambios en los precios pueden ser cr\u00edticos en t\u00e9rminos de tiempo: aumente los ingresos y mejore los m\u00e1rgenes de ganancia en segundos seg\u00fan la demanda, las mejores pr\u00e1cticas y m\u00e1s.<\/p>\n<\/div>\n\n\n\n<div class=\"wp-block-column is-layout-flow wp-block-column-is-layout-flow\"><div class=\"wp-block-image\">\n<figure class=\"aligncenter size-full is-resized\"><img loading=\"lazy\" decoding=\"async\" width=\"94\" height=\"98\" src=\"https:\/\/ravyx.com\/wp-content\/uploads\/2025\/05\/accurate-price-management.svg\" alt=\"\" class=\"wp-image-3551\" style=\"width:100px\"\/><\/figure>\n<\/div>\n\n\n<h3 class=\"wp-block-heading has-text-align-center\">Precisi\u00f3n del departamento<\/h3>\n\n\n\n<p class=\"has-text-align-center\">Las etiquetas de precio en papel pueden provocar errores frecuentes y costosos. Mantenga a sus clientes satisfechos y garantice la m\u00e1xima integridad de los precios con etiquetas electr\u00f3nicas f\u00e1ciles de actualizar.<\/p>\n<\/div>\n<\/div>\n\n\n\n<div style=\"height:28px\" aria-hidden=\"true\" class=\"wp-block-spacer\"><\/div>\n\n\n\n<figure class=\"wp-block-embed is-type-video is-provider-youtube wp-block-embed-youtube wp-embed-aspect-16-9 wp-has-aspect-ratio\"><div class=\"wp-block-embed__wrapper\">\n<iframe loading=\"lazy\" title=\"Etiquetas electr\u00f3nicas para estantes: historia de \u00e9xito de un cliente: VusionGroup x Lee\u2019s Discount Liquor\" width=\"500\" height=\"281\" src=\"https:\/\/www.youtube.com\/embed\/zqiqGqjub2I?list=PLDNn2XgLU9PihScvSYptOAzBzWyZ1f-ui\" frameborder=\"0\" allow=\"accelerometer; autoplay; clipboard-write; encrypted-media; gyroscope; picture-in-picture; web-share\" referrerpolicy=\"strict-origin-when-cross-origin\" allowfullscreen><\/iframe>\n<\/div><\/figure>\n\n\n\n<h2 class=\"wp-block-heading has-text-align-center\">M\u00e1s informaci\u00f3n sobre nuestras soluciones:<\/h2>\n\n\n\n<section class=\"block-related wpx-custom-block\" id=\"acf-related-pages4557\">\n\n\t\t\n\t<div class=\"related-inner\">\n\n\t\t\n\t\t\t<article class=\"related-page\">\n\t\t\t\t<a href=\"https:\/\/ravyx.com\/es\/electronic-shelf-labels-history\/\">\n\t\t\t\t\t<div class=\"related-page-thumb\">\n\t\t\t\t\t\t\t\t\t\t\t\t<img decoding=\"async\" src=\"https:\/\/ravyx.com\/wp-content\/uploads\/2023\/09\/Electronic-Shelf-Labels-A-Brief-History-1-880x636.jpg\" alt=\"\" srcset=\"\" sizes=\"(max-width: 880px) 100vw, 880px\">\n\t\t\t\t\t<\/div>\n\t\t\t\t\t<div class=\"related-page-header\">\n\t\t\t\t\t\t<h1 class=\"related-page-title\">Etiquetas electr\u00f3nicas para estantes: breve historia y ventajas<\/h1>\n\t\t\t\t\t<\/div>\n\t\t\t\t<\/a>\n\t\t\t<\/article>\n\n\t\t\t\n\t\t\n\t\t\t<article class=\"related-page\">\n\t\t\t\t<a href=\"https:\/\/ravyx.com\/es\/5-grocers-embracing-technology-around-globes\/\">\n\t\t\t\t\t<div class=\"related-page-thumb\">\n\t\t\t\t\t\t\t\t\t\t\t\t<img decoding=\"async\" src=\"https:\/\/ravyx.com\/wp-content\/uploads\/2023\/09\/generic-blog-img-880x601.jpg\" alt=\"\" srcset=\"\" sizes=\"(max-width: 880px) 100vw, 880px\">\n\t\t\t\t\t<\/div>\n\t\t\t\t\t<div class=\"related-page-header\">\n\t\t\t\t\t\t<h1 class=\"related-page-title\">5 tiendas de comestibles que adoptan la tecnolog\u00eda en todo el mundo<\/h1>\n\t\t\t\t\t<\/div>\n\t\t\t\t<\/a>\n\t\t\t<\/article>\n\n\t\t\t\n\t\t\n\t\t\t<article class=\"related-page\">\n\t\t\t\t<a href=\"https:\/\/ravyx.com\/es\/8-ways-esl-improves-supermarket\/\">\n\t\t\t\t\t<div class=\"related-page-thumb\">\n\t\t\t\t\t\t\t\t\t\t\t\t<img decoding=\"async\" src=\"https:\/\/ravyx.com\/wp-content\/uploads\/2023\/09\/8-Key-Ways-ESLs-Will-Improve-Efficiencies-_-Save-Your-Supermarket-Time-_-Money-880x636.jpg\" alt=\"\" srcset=\"\" sizes=\"(max-width: 880px) 100vw, 880px\">\n\t\t\t\t\t<\/div>\n\t\t\t\t\t<div class=\"related-page-header\">\n\t\t\t\t\t\t<h1 class=\"related-page-title\">8 formas clave en las que los ESL mejorar\u00e1n la eficiencia y ahorrar\u00e1n tiempo y dinero a su supermercado<\/h1>\n\t\t\t\t\t<\/div>\n\t\t\t\t<\/a>\n\t\t\t<\/article>\n\n\t\t\t\n\t\t\n\t<\/div>\n\n<\/section>","protected":false},"excerpt":{"rendered":"<p>In today&#8217;s competitive grocery industry, finding ways to increase profit margins is crucial. Electronic shelf labels (ESLs) present a powerful, yet underutilized, opportunity for retailers to gain a technological edge \u2014 not to mention save money on the time it takes for manual price changes and the loss incurred when prices are wrong. Features of [&hellip;]<\/p>\n","protected":false},"author":4,"featured_media":3465,"parent":668,"menu_order":3,"comment_status":"closed","ping_status":"closed","template":"","meta":{"_acf_changed":false,"footnotes":""},"class_list":["post-1073","page","type-page","status-publish","has-post-thumbnail","hentry"],"acf":[],"yoast_head":"<!-- This site is optimized with the Yoast SEO plugin v27.5 - https:\/\/yoast.com\/product\/yoast-seo-wordpress\/ -->\n<title>Electronic Shelf Labels (ESLs) | Ravyx<\/title>\n<meta name=\"description\" content=\"Interested in Electronic Shelf Labels? Learn how ESLs can help your retail business thrive in an ever changing world of retail technology.\" \/>\n<meta name=\"robots\" content=\"index, follow, max-snippet:-1, max-image-preview:large, max-video-preview:-1\" \/>\n<link rel=\"canonical\" href=\"https:\/\/ravyx.com\/es\/solutions\/select-products\/electronic-shelf-labels\/\" \/>\n<meta property=\"og:locale\" content=\"es_ES\" \/>\n<meta property=\"og:type\" content=\"article\" \/>\n<meta property=\"og:title\" content=\"Electronic Shelf Labels (ESLs) | Ravyx\" \/>\n<meta property=\"og:description\" content=\"Interested in Electronic Shelf Labels? Learn how ESLs can help your retail business thrive in an ever changing world of retail technology.\" \/>\n<meta property=\"og:url\" content=\"https:\/\/ravyx.com\/es\/solutions\/select-products\/electronic-shelf-labels\/\" \/>\n<meta property=\"og:site_name\" content=\"Ravyx\" \/>\n<meta property=\"article:publisher\" content=\"https:\/\/www.facebook.com\/stcrpos\" \/>\n<meta property=\"article:modified_time\" content=\"2025-07-21T18:43:42+00:00\" \/>\n<meta property=\"og:image\" content=\"https:\/\/ravyx.com\/wp-content\/uploads\/2025\/03\/image-20231026-165745-356c4edf.jpeg\" \/>\n\t<meta property=\"og:image:width\" content=\"1920\" \/>\n\t<meta property=\"og:image:height\" content=\"1440\" \/>\n\t<meta property=\"og:image:type\" content=\"image\/jpeg\" \/>\n<meta name=\"twitter:card\" content=\"summary_large_image\" \/>\n<meta name=\"twitter:site\" content=\"@stcrpos\" \/>\n<meta name=\"twitter:label1\" content=\"Est. reading time\" \/>\n\t<meta name=\"twitter:data1\" content=\"2 minutos\" \/>\n<script type=\"application\/ld+json\" class=\"yoast-schema-graph\">{\"@context\":\"https:\\\/\\\/schema.org\",\"@graph\":[{\"@type\":\"WebPage\",\"@id\":\"https:\\\/\\\/ravyx.com\\\/solutions\\\/select-products\\\/electronic-shelf-labels\\\/\",\"url\":\"https:\\\/\\\/ravyx.com\\\/solutions\\\/select-products\\\/electronic-shelf-labels\\\/\",\"name\":\"Electronic Shelf Labels (ESLs) | Ravyx\",\"isPartOf\":{\"@id\":\"https:\\\/\\\/ravyx.com\\\/#website\"},\"primaryImageOfPage\":{\"@id\":\"https:\\\/\\\/ravyx.com\\\/solutions\\\/select-products\\\/electronic-shelf-labels\\\/#primaryimage\"},\"image\":{\"@id\":\"https:\\\/\\\/ravyx.com\\\/solutions\\\/select-products\\\/electronic-shelf-labels\\\/#primaryimage\"},\"thumbnailUrl\":\"https:\\\/\\\/ravyx.com\\\/wp-content\\\/uploads\\\/2025\\\/03\\\/image-20231026-165745-356c4edf.jpeg\",\"datePublished\":\"2023-10-12T16:38:03+00:00\",\"dateModified\":\"2025-07-21T18:43:42+00:00\",\"description\":\"Interested in Electronic Shelf Labels? Learn how ESLs can help your retail business thrive in an ever changing world of retail technology.\",\"breadcrumb\":{\"@id\":\"https:\\\/\\\/ravyx.com\\\/solutions\\\/select-products\\\/electronic-shelf-labels\\\/#breadcrumb\"},\"inLanguage\":\"es-DO\",\"potentialAction\":[{\"@type\":\"ReadAction\",\"target\":[\"https:\\\/\\\/ravyx.com\\\/solutions\\\/select-products\\\/electronic-shelf-labels\\\/\"]}]},{\"@type\":\"ImageObject\",\"inLanguage\":\"es-DO\",\"@id\":\"https:\\\/\\\/ravyx.com\\\/solutions\\\/select-products\\\/electronic-shelf-labels\\\/#primaryimage\",\"url\":\"https:\\\/\\\/ravyx.com\\\/wp-content\\\/uploads\\\/2025\\\/03\\\/image-20231026-165745-356c4edf.jpeg\",\"contentUrl\":\"https:\\\/\\\/ravyx.com\\\/wp-content\\\/uploads\\\/2025\\\/03\\\/image-20231026-165745-356c4edf.jpeg\",\"width\":1920,\"height\":1440,\"caption\":\"Electronic Shelf Labels\"},{\"@type\":\"BreadcrumbList\",\"@id\":\"https:\\\/\\\/ravyx.com\\\/solutions\\\/select-products\\\/electronic-shelf-labels\\\/#breadcrumb\",\"itemListElement\":[{\"@type\":\"ListItem\",\"position\":1,\"name\":\"Home\",\"item\":\"https:\\\/\\\/ravyx.com\\\/\"},{\"@type\":\"ListItem\",\"position\":2,\"name\":\"Solutions\",\"item\":\"https:\\\/\\\/ravyx.com\\\/solutions\\\/\"},{\"@type\":\"ListItem\",\"position\":3,\"name\":\"Select Products\",\"item\":\"https:\\\/\\\/ravyx.com\\\/solutions\\\/select-products\\\/\"},{\"@type\":\"ListItem\",\"position\":4,\"name\":\"Electronic Shelf Labels\"}]},{\"@type\":\"WebSite\",\"@id\":\"https:\\\/\\\/ravyx.com\\\/#website\",\"url\":\"https:\\\/\\\/ravyx.com\\\/\",\"name\":\"Ravyx\",\"description\":\"Proven Grocery Technologies\",\"publisher\":{\"@id\":\"https:\\\/\\\/ravyx.com\\\/#organization\"},\"potentialAction\":[{\"@type\":\"SearchAction\",\"target\":{\"@type\":\"EntryPoint\",\"urlTemplate\":\"https:\\\/\\\/ravyx.com\\\/?s={search_term_string}\"},\"query-input\":{\"@type\":\"PropertyValueSpecification\",\"valueRequired\":true,\"valueName\":\"search_term_string\"}}],\"inLanguage\":\"es-DO\"},{\"@type\":\"Organization\",\"@id\":\"https:\\\/\\\/ravyx.com\\\/#organization\",\"name\":\"Ravyx\",\"url\":\"https:\\\/\\\/ravyx.com\\\/\",\"logo\":{\"@type\":\"ImageObject\",\"inLanguage\":\"es-DO\",\"@id\":\"https:\\\/\\\/ravyx.com\\\/#\\\/schema\\\/logo\\\/image\\\/\",\"url\":\"https:\\\/\\\/ravyx.com\\\/wp-content\\\/uploads\\\/2023\\\/09\\\/generic-brand-1.jpg\",\"contentUrl\":\"https:\\\/\\\/ravyx.com\\\/wp-content\\\/uploads\\\/2023\\\/09\\\/generic-brand-1.jpg\",\"width\":1200,\"height\":1200,\"caption\":\"Ravyx\"},\"image\":{\"@id\":\"https:\\\/\\\/ravyx.com\\\/#\\\/schema\\\/logo\\\/image\\\/\"},\"sameAs\":[\"https:\\\/\\\/www.facebook.com\\\/stcrpos\",\"https:\\\/\\\/x.com\\\/stcrpos\",\"https:\\\/\\\/www.linkedin.com\\\/company\\\/stcr\\\/\",\"https:\\\/\\\/www.youtube.com\\\/channel\\\/UCSWcsJARYjaQnz0T5o4p9DQ\"]}]}<\/script>\n<!-- \/ Yoast SEO plugin. -->","yoast_head_json":{"title":"Electronic Shelf Labels (ESLs) | Ravyx","description":"Interested in Electronic Shelf Labels? Learn how ESLs can help your retail business thrive in an ever changing world of retail technology.","robots":{"index":"index","follow":"follow","max-snippet":"max-snippet:-1","max-image-preview":"max-image-preview:large","max-video-preview":"max-video-preview:-1"},"canonical":"https:\/\/ravyx.com\/es\/solutions\/select-products\/electronic-shelf-labels\/","og_locale":"es_ES","og_type":"article","og_title":"Electronic Shelf Labels (ESLs) | Ravyx","og_description":"Interested in Electronic Shelf Labels? Learn how ESLs can help your retail business thrive in an ever changing world of retail technology.","og_url":"https:\/\/ravyx.com\/es\/solutions\/select-products\/electronic-shelf-labels\/","og_site_name":"Ravyx","article_publisher":"https:\/\/www.facebook.com\/stcrpos","article_modified_time":"2025-07-21T18:43:42+00:00","og_image":[{"width":1920,"height":1440,"url":"https:\/\/ravyx.com\/wp-content\/uploads\/2025\/03\/image-20231026-165745-356c4edf.jpeg","type":"image\/jpeg"}],"twitter_card":"summary_large_image","twitter_site":"@stcrpos","twitter_misc":{"Est. reading time":"2 minutos"},"schema":{"@context":"https:\/\/schema.org","@graph":[{"@type":"WebPage","@id":"https:\/\/ravyx.com\/solutions\/select-products\/electronic-shelf-labels\/","url":"https:\/\/ravyx.com\/solutions\/select-products\/electronic-shelf-labels\/","name":"Electronic Shelf Labels (ESLs) | Ravyx","isPartOf":{"@id":"https:\/\/ravyx.com\/#website"},"primaryImageOfPage":{"@id":"https:\/\/ravyx.com\/solutions\/select-products\/electronic-shelf-labels\/#primaryimage"},"image":{"@id":"https:\/\/ravyx.com\/solutions\/select-products\/electronic-shelf-labels\/#primaryimage"},"thumbnailUrl":"https:\/\/ravyx.com\/wp-content\/uploads\/2025\/03\/image-20231026-165745-356c4edf.jpeg","datePublished":"2023-10-12T16:38:03+00:00","dateModified":"2025-07-21T18:43:42+00:00","description":"Interested in Electronic Shelf Labels? Learn how ESLs can help your retail business thrive in an ever changing world of retail technology.","breadcrumb":{"@id":"https:\/\/ravyx.com\/solutions\/select-products\/electronic-shelf-labels\/#breadcrumb"},"inLanguage":"es-DO","potentialAction":[{"@type":"ReadAction","target":["https:\/\/ravyx.com\/solutions\/select-products\/electronic-shelf-labels\/"]}]},{"@type":"ImageObject","inLanguage":"es-DO","@id":"https:\/\/ravyx.com\/solutions\/select-products\/electronic-shelf-labels\/#primaryimage","url":"https:\/\/ravyx.com\/wp-content\/uploads\/2025\/03\/image-20231026-165745-356c4edf.jpeg","contentUrl":"https:\/\/ravyx.com\/wp-content\/uploads\/2025\/03\/image-20231026-165745-356c4edf.jpeg","width":1920,"height":1440,"caption":"Electronic Shelf Labels"},{"@type":"BreadcrumbList","@id":"https:\/\/ravyx.com\/solutions\/select-products\/electronic-shelf-labels\/#breadcrumb","itemListElement":[{"@type":"ListItem","position":1,"name":"Home","item":"https:\/\/ravyx.com\/"},{"@type":"ListItem","position":2,"name":"Solutions","item":"https:\/\/ravyx.com\/solutions\/"},{"@type":"ListItem","position":3,"name":"Select Products","item":"https:\/\/ravyx.com\/solutions\/select-products\/"},{"@type":"ListItem","position":4,"name":"Electronic Shelf Labels"}]},{"@type":"WebSite","@id":"https:\/\/ravyx.com\/#website","url":"https:\/\/ravyx.com\/","name":"Ravyx","description":"Proven Grocery Technologies","publisher":{"@id":"https:\/\/ravyx.com\/#organization"},"potentialAction":[{"@type":"SearchAction","target":{"@type":"EntryPoint","urlTemplate":"https:\/\/ravyx.com\/?s={search_term_string}"},"query-input":{"@type":"PropertyValueSpecification","valueRequired":true,"valueName":"search_term_string"}}],"inLanguage":"es-DO"},{"@type":"Organization","@id":"https:\/\/ravyx.com\/#organization","name":"Ravyx","url":"https:\/\/ravyx.com\/","logo":{"@type":"ImageObject","inLanguage":"es-DO","@id":"https:\/\/ravyx.com\/#\/schema\/logo\/image\/","url":"https:\/\/ravyx.com\/wp-content\/uploads\/2023\/09\/generic-brand-1.jpg","contentUrl":"https:\/\/ravyx.com\/wp-content\/uploads\/2023\/09\/generic-brand-1.jpg","width":1200,"height":1200,"caption":"Ravyx"},"image":{"@id":"https:\/\/ravyx.com\/#\/schema\/logo\/image\/"},"sameAs":["https:\/\/www.facebook.com\/stcrpos","https:\/\/x.com\/stcrpos","https:\/\/www.linkedin.com\/company\/stcr\/","https:\/\/www.youtube.com\/channel\/UCSWcsJARYjaQnz0T5o4p9DQ"]}]}},"_links":{"self":[{"href":"https:\/\/ravyx.com\/es\/wp-json\/wp\/v2\/pages\/1073","targetHints":{"allow":["GET"]}}],"collection":[{"href":"https:\/\/ravyx.com\/es\/wp-json\/wp\/v2\/pages"}],"about":[{"href":"https:\/\/ravyx.com\/es\/wp-json\/wp\/v2\/types\/page"}],"author":[{"embeddable":true,"href":"https:\/\/ravyx.com\/es\/wp-json\/wp\/v2\/users\/4"}],"replies":[{"embeddable":true,"href":"https:\/\/ravyx.com\/es\/wp-json\/wp\/v2\/comments?post=1073"}],"version-history":[{"count":0,"href":"https:\/\/ravyx.com\/es\/wp-json\/wp\/v2\/pages\/1073\/revisions"}],"up":[{"embeddable":true,"href":"https:\/\/ravyx.com\/es\/wp-json\/wp\/v2\/pages\/668"}],"wp:featuredmedia":[{"embeddable":true,"href":"https:\/\/ravyx.com\/es\/wp-json\/wp\/v2\/media\/3465"}],"wp:attachment":[{"href":"https:\/\/ravyx.com\/es\/wp-json\/wp\/v2\/media?parent=1073"}],"curies":[{"name":"wp","href":"https:\/\/api.w.org\/{rel}","templated":true}]}}