{"id":1008,"date":"2023-10-12T15:49:08","date_gmt":"2023-10-12T15:49:37","guid":{"rendered":"https:\/\/stcr.dev.dquinn.net\/?page_id=1008"},"modified":"2025-06-18T13:14:52","modified_gmt":"2025-06-18T17:14:52","slug":"point-of-sale","status":"publish","type":"page","link":"https:\/\/ravyx.com\/es\/solutions\/select-products\/point-of-sale\/","title":{"rendered":"Punto de venta"},"content":{"rendered":"<div class=\"wp-block-columns is-layout-flex wp-container-core-columns-is-layout-9d6595d7 wp-block-columns-is-layout-flex\">\n<div class=\"wp-block-column is-layout-flow wp-block-column-is-layout-flow\"><\/div>\n\n\n\n<div class=\"wp-block-column is-layout-flow wp-block-column-is-layout-flow\" style=\"flex-basis:80%\">\n<p class=\"has-text-align-center has-huge-font-size\">Procesa los pagos y mant\u00e9n tu negocio minorista funcionando sin problemas con los galardonados y totalmente adaptables sistemas de hardware y software para puntos de venta de Toshiba.<\/p>\n<\/div>\n\n\n\n<div class=\"wp-block-column is-layout-flow wp-block-column-is-layout-flow\"><\/div>\n<\/div>\n\n\n\n<div class=\"wp-block-columns are-vertically-aligned-center is-layout-flex wp-container-core-columns-is-layout-9d6595d7 wp-block-columns-is-layout-flex\">\n<div class=\"wp-block-column is-vertically-aligned-center order-2 is-layout-flow wp-block-column-is-layout-flow\">\n<h2 class=\"wp-block-heading\">Ventajas del punto de venta de Toshiba:<\/h2>\n\n\n\n<ul class=\"wp-block-list stylized-list\">\n<li class=\"stylized-list\">Acelera el proceso de pago y mejora la productividad con potentes plataformas, incluidas opciones port\u00e1tiles.<\/li>\n\n\n\n<li>Maximice el tiempo de actividad y reduzca los costos de mantenimiento con un dise\u00f1o que pr\u00e1cticamente no requiere herramientas.<\/li>\n\n\n\n<li>Acceso frontal seguro y f\u00e1cil, y excepcional facilidad de mantenimiento.<\/li>\n\n\n\n<li>Optimice la inversi\u00f3n con un sistema de punto de venta altamente escalable que se integra con los sistemas heredados.<\/li>\n\n\n\n<li>Los procesadores m\u00e1s r\u00e1pidos y la funcionalidad mejorada ayudan a lograr un rendimiento rentable.<\/li>\n\n\n\n<li>La plataforma abierta y el dise\u00f1o distribuido aumentan las opciones de software y perif\u00e9ricos.<\/li>\n\n\n\n<li>El dise\u00f1o reforzado para uso minorista ayuda a prolongar la vida \u00fatil del equipo, lo que supone una excelente protecci\u00f3n de la inversi\u00f3n.<\/li>\n\n\n\n<li>La unidad compacta ocupa muy poco espacio, lo que la convierte en una opci\u00f3n asequible para las tiendas de comestibles independientes.<\/li>\n<\/ul>\n<\/div>\n\n\n\n<div class=\"wp-block-column is-vertically-aligned-center order-1 is-layout-flow wp-block-column-is-layout-flow\">\n<figure class=\"wp-block-image size-full\"><img loading=\"lazy\" decoding=\"async\" width=\"680\" height=\"460\" src=\"https:\/\/ravyx.com\/wp-content\/uploads\/2023\/10\/pos.jpg\" alt=\"\" class=\"wp-image-1025\" srcset=\"https:\/\/ravyx.com\/wp-content\/uploads\/2023\/10\/pos.jpg 680w, https:\/\/ravyx.com\/wp-content\/uploads\/2023\/10\/pos-300x203.jpg 300w\" sizes=\"auto, (max-width: 680px) 100vw, 680px\" \/><\/figure>\n<\/div>\n<\/div>\n\n\n\n<h2 class=\"wp-block-heading has-text-align-center\">\u00bfQu\u00e9 es lo que hace que un sistema POS sea verdaderamente integral?<\/h2>\n\n\n\n<div class=\"wp-block-columns is-layout-flex wp-container-core-columns-is-layout-9d6595d7 wp-block-columns-is-layout-flex\">\n<div class=\"wp-block-column is-layout-flow wp-block-column-is-layout-flow\">\n<ul class=\"wp-block-list stylized-list\">\n<li class=\"stylized-list\">Sistema de punto de venta, quiosco o unidad de autoservicio totalmente configurable.<\/li>\n\n\n\n<li>El dise\u00f1o flexible de la pantalla permite pasar f\u00e1cilmente de una posici\u00f3n de 90 grados a una posici\u00f3n totalmente plana.<\/li>\n\n\n\n<li>Tres tama\u00f1os de pantalla multit\u00e1ctil con protecci\u00f3n antirreflejos.<\/li>\n<\/ul>\n<\/div>\n\n\n\n<div class=\"wp-block-column is-layout-flow wp-block-column-is-layout-flow\">\n<ul class=\"wp-block-list stylized-list\">\n<li class=\"stylized-list\">El acceso remoto al sistema supervisa el dispositivo para garantizar una eficiencia m\u00e1xima.<\/li>\n\n\n\n<li>El rendimiento s\u00f3lido crea nuevas oportunidades para deleitar a los clientes.<\/li>\n<\/ul>\n<\/div>\n<\/div>\n\n\n\n<div class=\"block-inline-cta wpx-custom-block\" id=\"acf-inline-cta1923\">\n\n\t<div class=\"inline-cta-inner\">\n\t\t\n\t\t<h3 class=\"inline-cta-title\">\u00bfTienes curiosidad por saber qu\u00e9 es un punto de venta?<\/h3>\t\t\n\t\t\t\t\t<div class=\"button-group\">\n\t\t\t\t<a href=\"https:\/\/ravyx.com\/es\/contact-us\/\" target=\"\" class=\"wpx-button\">CONT\u00c1CTENOS<\/a>\n\t\t\t<\/div>\n\t\t\n\t<\/div>\n\n<\/div>\n\n\n<h2 class=\"wp-block-heading has-text-align-center\">M\u00e1s informaci\u00f3n sobre nuestras soluciones:<\/h2>\n\n\n\n<section class=\"block-related wpx-custom-block\" id=\"acf-related-pages7219\">\n\n\t\t\n\t<div class=\"related-inner\">\n\n\t\t\n\t\t\t<article class=\"related-page\">\n\t\t\t\t<a href=\"https:\/\/ravyx.com\/es\/frictionless-payment-technology-expanding\/\">\n\t\t\t\t\t<div class=\"related-page-thumb\">\n\t\t\t\t\t\t\t\t\t\t\t\t<img decoding=\"async\" src=\"\" alt=\"\" srcset=\"\" sizes=\"(max-width: 880px) 100vw, 880px\">\n\t\t\t\t\t<\/div>\n\t\t\t\t\t<div class=\"related-page-header\">\n\t\t\t\t\t\t<h1 class=\"related-page-title\">La tecnolog\u00eda de pagos sin fricciones se est\u00e1 expandiendo<\/h1>\n\t\t\t\t\t<\/div>\n\t\t\t\t<\/a>\n\t\t\t<\/article>\n\n\t\t\t\n\t\t\n\t\t\t<article class=\"related-page\">\n\t\t\t\t<a href=\"https:\/\/ravyx.com\/es\/how-stores-can-prepare-self-service-shopping-demand\/\">\n\t\t\t\t\t<div class=\"related-page-thumb\">\n\t\t\t\t\t\t\t\t\t\t\t\t<img decoding=\"async\" src=\"https:\/\/ravyx.com\/wp-content\/uploads\/2023\/09\/generic-blog-img-880x601.jpg\" alt=\"\" srcset=\"\" sizes=\"(max-width: 880px) 100vw, 880px\">\n\t\t\t\t\t<\/div>\n\t\t\t\t\t<div class=\"related-page-header\">\n\t\t\t\t\t\t<h1 class=\"related-page-title\">C\u00f3mo pueden prepararse las tiendas para la demanda de compras de autoservicio<\/h1>\n\t\t\t\t\t<\/div>\n\t\t\t\t<\/a>\n\t\t\t<\/article>\n\n\t\t\t\n\t\t\n\t\t\t<article class=\"related-page\">\n\t\t\t\t<a href=\"https:\/\/ravyx.com\/es\/automation-answer-solving-staffing-challenges\/\">\n\t\t\t\t\t<div class=\"related-page-thumb\">\n\t\t\t\t\t\t\t\t\t\t\t\t<img decoding=\"async\" src=\"https:\/\/ravyx.com\/wp-content\/uploads\/2023\/10\/Is-Automation-the-Answer-to-Solving-Staffing-Challenges_-880x636.jpeg\" alt=\"\" srcset=\"\" sizes=\"(max-width: 880px) 100vw, 880px\">\n\t\t\t\t\t<\/div>\n\t\t\t\t\t<div class=\"related-page-header\">\n\t\t\t\t\t\t<h1 class=\"related-page-title\">C\u00f3mo los minoristas pueden confiar en la tecnolog\u00eda para cubrir la falta de personal<\/h1>\n\t\t\t\t\t<\/div>\n\t\t\t\t<\/a>\n\t\t\t<\/article>\n\n\t\t\t\n\t\t\n\t<\/div>\n\n<\/section>","protected":false},"excerpt":{"rendered":"<p>Process payments and keep your retail operation running smoothly with award-winning and fully adaptable Toshiba POS hardware and software systems. Benefits of Toshiba Point of Sale: What Makes a True All-in-One POS System? Learn More About Our Solutions:<\/p>","protected":false},"author":4,"featured_media":0,"parent":668,"menu_order":6,"comment_status":"closed","ping_status":"closed","template":"","meta":{"_acf_changed":true,"footnotes":""},"class_list":["post-1008","page","type-page","status-publish","hentry"],"acf":[],"yoast_head":"<!-- This site is optimized with the Yoast SEO plugin v27.5 - https:\/\/yoast.com\/product\/yoast-seo-wordpress\/ -->\n<title>Point of Sale Powered by Toshiba | Ravyx<\/title>\n<meta name=\"description\" content=\"Speed up sales and manage your store with ease using Toshiba POS systems that offer power, flexibility, and seamless integration, backed by Ravyx&#039;s 24\/7 support.\" \/>\n<meta name=\"robots\" content=\"index, follow, max-snippet:-1, max-image-preview:large, max-video-preview:-1\" \/>\n<link rel=\"canonical\" href=\"https:\/\/ravyx.com\/es\/solutions\/select-products\/point-of-sale\/\" \/>\n<meta property=\"og:locale\" content=\"es_ES\" \/>\n<meta property=\"og:type\" content=\"article\" \/>\n<meta property=\"og:title\" content=\"Point of Sale Powered by Toshiba | Ravyx\" \/>\n<meta property=\"og:description\" content=\"Speed up sales and manage your store with ease using Toshiba POS systems that offer power, flexibility, and seamless integration, backed by Ravyx&#039;s 24\/7 support.\" \/>\n<meta property=\"og:url\" content=\"https:\/\/ravyx.com\/es\/solutions\/select-products\/point-of-sale\/\" \/>\n<meta property=\"og:site_name\" content=\"Ravyx\" \/>\n<meta property=\"article:publisher\" content=\"https:\/\/www.facebook.com\/stcrpos\" \/>\n<meta property=\"article:modified_time\" content=\"2025-06-18T17:14:52+00:00\" \/>\n<meta property=\"og:image\" content=\"https:\/\/ravyx.com\/wp-content\/uploads\/2023\/10\/pos.jpg\" \/>\n<meta name=\"twitter:card\" content=\"summary_large_image\" \/>\n<meta name=\"twitter:site\" content=\"@stcrpos\" \/>\n<meta name=\"twitter:label1\" content=\"Est. reading time\" \/>\n\t<meta name=\"twitter:data1\" content=\"1 minuto\" \/>\n<script type=\"application\/ld+json\" class=\"yoast-schema-graph\">{\"@context\":\"https:\\\/\\\/schema.org\",\"@graph\":[{\"@type\":\"WebPage\",\"@id\":\"https:\\\/\\\/ravyx.com\\\/solutions\\\/select-products\\\/point-of-sale\\\/\",\"url\":\"https:\\\/\\\/ravyx.com\\\/solutions\\\/select-products\\\/point-of-sale\\\/\",\"name\":\"Point of Sale Powered by Toshiba | Ravyx\",\"isPartOf\":{\"@id\":\"https:\\\/\\\/ravyx.com\\\/#website\"},\"primaryImageOfPage\":{\"@id\":\"https:\\\/\\\/ravyx.com\\\/solutions\\\/select-products\\\/point-of-sale\\\/#primaryimage\"},\"image\":{\"@id\":\"https:\\\/\\\/ravyx.com\\\/solutions\\\/select-products\\\/point-of-sale\\\/#primaryimage\"},\"thumbnailUrl\":\"https:\\\/\\\/ravyx.com\\\/wp-content\\\/uploads\\\/2023\\\/10\\\/pos.jpg\",\"datePublished\":\"2023-10-12T15:49:37+00:00\",\"dateModified\":\"2025-06-18T17:14:52+00:00\",\"description\":\"Speed up sales and manage your store with ease using Toshiba POS systems that offer power, flexibility, and seamless integration, backed by Ravyx's 24\\\/7 support.\",\"breadcrumb\":{\"@id\":\"https:\\\/\\\/ravyx.com\\\/solutions\\\/select-products\\\/point-of-sale\\\/#breadcrumb\"},\"inLanguage\":\"es-DO\",\"potentialAction\":[{\"@type\":\"ReadAction\",\"target\":[\"https:\\\/\\\/ravyx.com\\\/solutions\\\/select-products\\\/point-of-sale\\\/\"]}]},{\"@type\":\"ImageObject\",\"inLanguage\":\"es-DO\",\"@id\":\"https:\\\/\\\/ravyx.com\\\/solutions\\\/select-products\\\/point-of-sale\\\/#primaryimage\",\"url\":\"https:\\\/\\\/ravyx.com\\\/wp-content\\\/uploads\\\/2023\\\/10\\\/pos.jpg\",\"contentUrl\":\"https:\\\/\\\/ravyx.com\\\/wp-content\\\/uploads\\\/2023\\\/10\\\/pos.jpg\"},{\"@type\":\"BreadcrumbList\",\"@id\":\"https:\\\/\\\/ravyx.com\\\/solutions\\\/select-products\\\/point-of-sale\\\/#breadcrumb\",\"itemListElement\":[{\"@type\":\"ListItem\",\"position\":1,\"name\":\"Home\",\"item\":\"https:\\\/\\\/ravyx.com\\\/\"},{\"@type\":\"ListItem\",\"position\":2,\"name\":\"Solutions\",\"item\":\"https:\\\/\\\/ravyx.com\\\/solutions\\\/\"},{\"@type\":\"ListItem\",\"position\":3,\"name\":\"Select Products\",\"item\":\"https:\\\/\\\/ravyx.com\\\/solutions\\\/select-products\\\/\"},{\"@type\":\"ListItem\",\"position\":4,\"name\":\"Point of Sale\"}]},{\"@type\":\"WebSite\",\"@id\":\"https:\\\/\\\/ravyx.com\\\/#website\",\"url\":\"https:\\\/\\\/ravyx.com\\\/\",\"name\":\"Ravyx\",\"description\":\"Proven Grocery Technologies\",\"publisher\":{\"@id\":\"https:\\\/\\\/ravyx.com\\\/#organization\"},\"potentialAction\":[{\"@type\":\"SearchAction\",\"target\":{\"@type\":\"EntryPoint\",\"urlTemplate\":\"https:\\\/\\\/ravyx.com\\\/?s={search_term_string}\"},\"query-input\":{\"@type\":\"PropertyValueSpecification\",\"valueRequired\":true,\"valueName\":\"search_term_string\"}}],\"inLanguage\":\"es-DO\"},{\"@type\":\"Organization\",\"@id\":\"https:\\\/\\\/ravyx.com\\\/#organization\",\"name\":\"Ravyx\",\"url\":\"https:\\\/\\\/ravyx.com\\\/\",\"logo\":{\"@type\":\"ImageObject\",\"inLanguage\":\"es-DO\",\"@id\":\"https:\\\/\\\/ravyx.com\\\/#\\\/schema\\\/logo\\\/image\\\/\",\"url\":\"https:\\\/\\\/ravyx.com\\\/wp-content\\\/uploads\\\/2023\\\/09\\\/generic-brand-1.jpg\",\"contentUrl\":\"https:\\\/\\\/ravyx.com\\\/wp-content\\\/uploads\\\/2023\\\/09\\\/generic-brand-1.jpg\",\"width\":1200,\"height\":1200,\"caption\":\"Ravyx\"},\"image\":{\"@id\":\"https:\\\/\\\/ravyx.com\\\/#\\\/schema\\\/logo\\\/image\\\/\"},\"sameAs\":[\"https:\\\/\\\/www.facebook.com\\\/stcrpos\",\"https:\\\/\\\/x.com\\\/stcrpos\",\"https:\\\/\\\/www.linkedin.com\\\/company\\\/stcr\\\/\",\"https:\\\/\\\/www.youtube.com\\\/channel\\\/UCSWcsJARYjaQnz0T5o4p9DQ\"]}]}<\/script>\n<!-- \/ Yoast SEO plugin. -->","yoast_head_json":{"title":"Point of Sale Powered by Toshiba | Ravyx","description":"Speed up sales and manage your store with ease using Toshiba POS systems that offer power, flexibility, and seamless integration, backed by Ravyx's 24\/7 support.","robots":{"index":"index","follow":"follow","max-snippet":"max-snippet:-1","max-image-preview":"max-image-preview:large","max-video-preview":"max-video-preview:-1"},"canonical":"https:\/\/ravyx.com\/es\/solutions\/select-products\/point-of-sale\/","og_locale":"es_ES","og_type":"article","og_title":"Point of Sale Powered by Toshiba | Ravyx","og_description":"Speed up sales and manage your store with ease using Toshiba POS systems that offer power, flexibility, and seamless integration, backed by Ravyx's 24\/7 support.","og_url":"https:\/\/ravyx.com\/es\/solutions\/select-products\/point-of-sale\/","og_site_name":"Ravyx","article_publisher":"https:\/\/www.facebook.com\/stcrpos","article_modified_time":"2025-06-18T17:14:52+00:00","og_image":[{"url":"https:\/\/ravyx.com\/wp-content\/uploads\/2023\/10\/pos.jpg","type":"","width":"","height":""}],"twitter_card":"summary_large_image","twitter_site":"@stcrpos","twitter_misc":{"Est. reading time":"1 minuto"},"schema":{"@context":"https:\/\/schema.org","@graph":[{"@type":"WebPage","@id":"https:\/\/ravyx.com\/solutions\/select-products\/point-of-sale\/","url":"https:\/\/ravyx.com\/solutions\/select-products\/point-of-sale\/","name":"Point of Sale Powered by Toshiba | Ravyx","isPartOf":{"@id":"https:\/\/ravyx.com\/#website"},"primaryImageOfPage":{"@id":"https:\/\/ravyx.com\/solutions\/select-products\/point-of-sale\/#primaryimage"},"image":{"@id":"https:\/\/ravyx.com\/solutions\/select-products\/point-of-sale\/#primaryimage"},"thumbnailUrl":"https:\/\/ravyx.com\/wp-content\/uploads\/2023\/10\/pos.jpg","datePublished":"2023-10-12T15:49:37+00:00","dateModified":"2025-06-18T17:14:52+00:00","description":"Speed up sales and manage your store with ease using Toshiba POS systems that offer power, flexibility, and seamless integration, backed by Ravyx's 24\/7 support.","breadcrumb":{"@id":"https:\/\/ravyx.com\/solutions\/select-products\/point-of-sale\/#breadcrumb"},"inLanguage":"es-DO","potentialAction":[{"@type":"ReadAction","target":["https:\/\/ravyx.com\/solutions\/select-products\/point-of-sale\/"]}]},{"@type":"ImageObject","inLanguage":"es-DO","@id":"https:\/\/ravyx.com\/solutions\/select-products\/point-of-sale\/#primaryimage","url":"https:\/\/ravyx.com\/wp-content\/uploads\/2023\/10\/pos.jpg","contentUrl":"https:\/\/ravyx.com\/wp-content\/uploads\/2023\/10\/pos.jpg"},{"@type":"BreadcrumbList","@id":"https:\/\/ravyx.com\/solutions\/select-products\/point-of-sale\/#breadcrumb","itemListElement":[{"@type":"ListItem","position":1,"name":"Home","item":"https:\/\/ravyx.com\/"},{"@type":"ListItem","position":2,"name":"Solutions","item":"https:\/\/ravyx.com\/solutions\/"},{"@type":"ListItem","position":3,"name":"Select Products","item":"https:\/\/ravyx.com\/solutions\/select-products\/"},{"@type":"ListItem","position":4,"name":"Point of Sale"}]},{"@type":"WebSite","@id":"https:\/\/ravyx.com\/#website","url":"https:\/\/ravyx.com\/","name":"Ravyx","description":"Proven Grocery Technologies","publisher":{"@id":"https:\/\/ravyx.com\/#organization"},"potentialAction":[{"@type":"SearchAction","target":{"@type":"EntryPoint","urlTemplate":"https:\/\/ravyx.com\/?s={search_term_string}"},"query-input":{"@type":"PropertyValueSpecification","valueRequired":true,"valueName":"search_term_string"}}],"inLanguage":"es-DO"},{"@type":"Organization","@id":"https:\/\/ravyx.com\/#organization","name":"Ravyx","url":"https:\/\/ravyx.com\/","logo":{"@type":"ImageObject","inLanguage":"es-DO","@id":"https:\/\/ravyx.com\/#\/schema\/logo\/image\/","url":"https:\/\/ravyx.com\/wp-content\/uploads\/2023\/09\/generic-brand-1.jpg","contentUrl":"https:\/\/ravyx.com\/wp-content\/uploads\/2023\/09\/generic-brand-1.jpg","width":1200,"height":1200,"caption":"Ravyx"},"image":{"@id":"https:\/\/ravyx.com\/#\/schema\/logo\/image\/"},"sameAs":["https:\/\/www.facebook.com\/stcrpos","https:\/\/x.com\/stcrpos","https:\/\/www.linkedin.com\/company\/stcr\/","https:\/\/www.youtube.com\/channel\/UCSWcsJARYjaQnz0T5o4p9DQ"]}]}},"_links":{"self":[{"href":"https:\/\/ravyx.com\/es\/wp-json\/wp\/v2\/pages\/1008","targetHints":{"allow":["GET"]}}],"collection":[{"href":"https:\/\/ravyx.com\/es\/wp-json\/wp\/v2\/pages"}],"about":[{"href":"https:\/\/ravyx.com\/es\/wp-json\/wp\/v2\/types\/page"}],"author":[{"embeddable":true,"href":"https:\/\/ravyx.com\/es\/wp-json\/wp\/v2\/users\/4"}],"replies":[{"embeddable":true,"href":"https:\/\/ravyx.com\/es\/wp-json\/wp\/v2\/comments?post=1008"}],"version-history":[{"count":0,"href":"https:\/\/ravyx.com\/es\/wp-json\/wp\/v2\/pages\/1008\/revisions"}],"up":[{"embeddable":true,"href":"https:\/\/ravyx.com\/es\/wp-json\/wp\/v2\/pages\/668"}],"wp:attachment":[{"href":"https:\/\/ravyx.com\/es\/wp-json\/wp\/v2\/media?parent=1008"}],"curies":[{"name":"wp","href":"https:\/\/api.w.org\/{rel}","templated":true}]}}